{"id":621,"date":"2020-04-16T12:58:03","date_gmt":"2020-04-16T09:58:03","guid":{"rendered":"http:\/\/www.istanbulanguage.com\/?page_id=621"},"modified":"2024-01-18T19:27:19","modified_gmt":"2024-01-18T16:27:19","slug":"online-derslerimiz","status":"publish","type":"page","link":"https:\/\/www.istanbulanguage.com\/?page_id=621&lang=en_US","title":{"rendered":"ONLINE TURKISH LESSONS"},"content":{"rendered":"<p><span style=\"color: #000000;\">It is hard to find enough time to learn a language among many things to do. Also, it is possible to travel a lot for a quality education. Therefore now it&#8217;s time to take advantage of living in the<span style=\"color: #333333;\"> <strong>Information Age<\/strong><\/span>! After having an Online Turkish Lesson with <span style=\"color: #333333;\"><em><strong>istanbuLanguage<\/strong><\/em><\/span>, you will wish the next lesson to come as soon as possible. You will feel the <strong>r<span style=\"color: #333333;\">eal classroom<\/span> <span style=\"color: #333333;\">atmosphere<\/span><\/strong>, interact with your classmates and will be able to ask your teacher about anything which is confusing for you . And you will say, &#8220;<span style=\"color: #333333;\"><strong>I wish I had started before.<\/strong><\/span>&#8221; <\/span><span style=\"color: #000000;\"><strong>A quality education at an affordable price <\/strong>and also in the comfort of your home &#8230;\u00a0<\/span><\/p>\n<h3 style=\"text-align: center;\"><span style=\"color: #ff0000;\"><em><strong>LET&#8217;S WATCH SOME ONLINE TURKISH LESSON SAMPLES!<\/strong><\/em><\/span><\/h3>\n<div class=\"wp-playlist wp-video-playlist wp-playlist-light\">\n\t\t<video controls=\"controls\" preload=\"none\" width=\"998\"\n\t\t height=\"665\"\t><\/video>\n\t<div class=\"wp-playlist-next\"><\/div>\n\t<div class=\"wp-playlist-prev\"><\/div>\n\t<noscript>\n\t<ol>\n\t\t<li><a href='https:\/\/www.istanbulanguage.com\/wp-content\/uploads\/2020\/05\/Online-Turkish-Lessons-A1_Unit-Explanation.m4v'>Online T\u00fcrk\u00e7e Dersleri - A1 - Konu A\u00e7\u0131klamas\u0131<\/a><\/li><li><a href='https:\/\/www.istanbulanguage.com\/wp-content\/uploads\/2020\/05\/Exercises-Video.m4v'>Online T\u00fcrk\u00e7e Dersleri - A1 - Al\u0131\u015ft\u0131rmalar<\/a><\/li>\t<\/ol>\n\t<\/noscript>\n\t<script type=\"application\/json\" class=\"wp-playlist-script\">{\"type\":\"video\",\"tracklist\":true,\"tracknumbers\":true,\"images\":true,\"artists\":true,\"tracks\":[{\"src\":\"https:\/\/www.istanbulanguage.com\/wp-content\/uploads\/2020\/05\/Online-Turkish-Lessons-A1_Unit-Explanation.m4v\",\"type\":\"video\/mp4\",\"title\":\"Online T\\u00fcrk\\u00e7e Dersleri - A1 - Konu A\\u00e7\\u0131klamas\\u0131\",\"caption\":\"\",\"description\":\"Online T\\u00fcrk\\u00e7e Derslerimizde Konular\\u0131 Nas\\u0131l A\\u00e7\\u0131kl\\u0131yoruz\",\"meta\":{\"length_formatted\":\"4:57\"},\"dimensions\":{\"original\":{\"width\":720,\"height\":480},\"resized\":{\"width\":998,\"height\":665}},\"image\":{\"src\":\"https:\/\/www.istanbulanguage.com\/wp-includes\/images\/media\/video.svg\",\"width\":48,\"height\":64},\"thumb\":{\"src\":\"https:\/\/www.istanbulanguage.com\/wp-includes\/images\/media\/video.svg\",\"width\":48,\"height\":64}},{\"src\":\"https:\/\/www.istanbulanguage.com\/wp-content\/uploads\/2020\/05\/Exercises-Video.m4v\",\"type\":\"video\/mp4\",\"title\":\"Online T\\u00fcrk\\u00e7e Dersleri - A1 - Al\\u0131\\u015ft\\u0131rmalar\",\"caption\":\"\",\"description\":\"Online T\\u00fcrk\\u00e7e Derslerimizde Ne T\\u00fcr Al\\u0131\\u015ft\\u0131rmalar Yap\\u0131yoruz \",\"meta\":{\"length_formatted\":\"7:59\"},\"dimensions\":{\"original\":{\"width\":720,\"height\":480},\"resized\":{\"width\":998,\"height\":665}},\"image\":{\"src\":\"https:\/\/www.istanbulanguage.com\/wp-includes\/images\/media\/video.svg\",\"width\":48,\"height\":64},\"thumb\":{\"src\":\"https:\/\/www.istanbulanguage.com\/wp-includes\/images\/media\/video.svg\",\"width\":48,\"height\":64}}]}<\/script>\n<\/div>\n\t\n<h2><strong><span style=\"color: #0000ff;\">ONLINE GRoUP LESSONS<\/span><\/strong><\/h2>\n<p><span style=\"color: #333333;\">Thanks to our\u00a0<strong>interactive curriculum<\/strong><span style=\"color: #000000;\">\u00a0<\/span>and groups limited to <\/span><span style=\"color: #000000;\"><strong>5-6 students<\/strong><\/span><span style=\"color: #333333;\">, an effective language education awaits you wherever you are. In other words, o<\/span><span style=\"color: #000000; background-color: var(--color-content);\">ur Online Turkish Lessons are exactly what you are looking for.<\/span><b><span style=\"font-size: 13.5pt; color: blue;\">\u00a0 \u00a0 \u00a0 \u00a0 \u00a0<\/span><\/b><\/p>\n<h4><span style=\"color: #ff0000;\"><strong>***We don&#8217;t do 40-45 minute classes like in other institutions and 1 hour of our lesson means 60 minutes.<\/strong><\/span><\/h4>\n<h3><span style=\"color: #000080;\"><strong>WHAT ARE THE TEACHING METHODS AND TECHNIQUES WE USE?<\/strong><\/span><\/h3>\n<p><span style=\"color: #000000;\">In<em><strong> istanbuLanguage<\/strong><\/em> we believe that the purpose of language learning is <strong>communication<\/strong>, and that topics like grammar and vocabulary are only aids to this ultimate goal.<\/span><\/p>\n<p><span style=\"color: #000000;\">On the other hand, basic rules of Turkish are much more complex than the majority of the worldwide spoken languages \u200b\u200b. We know it very well and we understand you. Therefore, especially in our Beginner Level courses, we are working on the correct placement of these information and we enable you to overcome these difficulties in the <strong>easiest way<\/strong>.<\/span><\/p>\n<h4><strong><span style=\"color: #008000;\">CONTENT &amp; METHODOLOGY<\/span><\/strong><\/h4>\n<p><span style=\"color: #000000;\">Istanbulanguage is a <strong>tech-friendly<\/strong> institution and therefore we prefer the most effective and user-friendly platforms in our Online Turkish lessons. Instead of following a textbook, we use <strong>our own course material<\/strong> that we think are more effective. As a result, we eliminate unnecessary and useless contents and we carry out more target oriented studies.<\/span><\/p>\n<p><span style=\"color: #000000;\">We prepare all our materials in accordance with the language levels of the <span style=\"color: #0000ff;\"><a class=\"docs-creator\" style=\"color: #0000ff;\" href=\"https:\/\/en.wikipedia.org\/wiki\/Common_European_Framework_of_Reference_for_Languages\" target=\"_blank\" rel=\"noopener noreferrer\"><em><strong>Common European Framework of Reference for Languages<\/strong><\/em>.<\/a><\/span> In the presentations which we prepare, we include all the elements that language learning requires; we support education with activities that will activate<strong> Reading, Listening, Speaking and Writing<\/strong> <strong>skills.<\/strong> We guide our students to communicate with each exercise we use. In these presentations, we place a special emphasis on<strong> visual content<\/strong> and support students&#8217; vocabulary memories with the use of stunning images. With the same visuals we aim to establish associations about real life and to keep the acquired knowledge permanent.<\/span><\/p>\n<p><span style=\"color: #000000;\">We want our students to have a lot of dialogue during the lesson. Meanwhile, we frequently use the <strong>role-playing<\/strong> technique. We take our students out of their own identity and the environment in which they are located and give them a new identity. At this point we allow them to experience how to speak in different environments and situations. Thanks to our small groups, we enable everyone to practice equally.<\/span><\/p>\n<h4><span style=\"color: #008000;\"><strong>INSTRUCTORS<\/strong><\/span><\/h4>\n<p><span style=\"color: #000000;\">We entrust you with our professional instructors who have been doing this job for <strong>15 years<\/strong>, who know the difficulties encountered while learning Turkish, who are experts in creating a positive classroom environment and will allow you to learn with fun. Especially in the Beginner Level our teachers will provide a clearer understanding of the topics by making English or Spanish statements, thereby will be contributing to a faster process.<\/span><\/p>\n<ul>\n<li><span style=\"color: #000000;\">We are very confident in one thing: <span style=\"color: #ff0000;\"><strong>You will be able to talk a lot in few days<\/strong><\/span>. Book your reservation and get your <strong>FREE<\/strong> <strong>TRIAL<\/strong> lesson now!<\/span><\/li>\n<\/ul>\n<h2><span style=\"color: #0000ff;\"><strong>ONLINE PRIVATE LESSONS<\/strong><\/span><\/h2>\n<p><span style=\"color: #333333;\">If you wish, you can choose to take\u00a0<span style=\"background-color: var(--color-content);\">online<\/span><span style=\"background-color: var(--color-content);\">\u00a0private<\/span><span style=\"background-color: var(--color-content);\">\u00a0lessons and create a program that <strong>suits your level, needs and goals<\/strong>. You can set more <strong>flexible hours<\/strong> and adjust the lesson intensity to suit you<\/span><\/span><span style=\"color: #333333;\"><span style=\"background-color: var(--color-content);\">. Get in touch with us for the price information and book your <strong>free demo lesson<\/strong> now!<\/span><\/span><\/p>\n<ul>\n<li><span style=\"color: #333333;\">Please contact us at our <strong>e-mail address<\/strong><\/span><span style=\"color: #333333;\"><span style=\"color: #333333;\"><span style=\"color: #333333;\">.<\/span><\/span><\/span><\/li>\n<\/ul>\n<p style=\"text-align: center;\"><span style=\"color: #0000ff;\"><strong><a class=\"docs-creator\" style=\"color: #0000ff;\" href=\"http:\/\/www.istanbulanguage.com\/?page_id=58&amp;lang=en_US\">CLICK HERE FOR CONTACT DETAILS<\/a><\/strong><\/span><span style=\"color: #333333;\"><span style=\"color: #0000ff;\"><br \/>\n<\/span><\/span><span style=\"color: #333333;\"><br \/>\n<\/span><\/p>\n<p style=\"text-align: center;\"><span style=\"color: #ff0000;\"><a class=\"docs-creator\" style=\"color: #ff0000;\" href=\"http:\/\/www.istanbulanguage.com\/?page_id=40&amp;lang=en_US\"><strong>CLICK HERE FOR <span style=\"color: #008000;\">TURKISH LESSONS FOR FOREIGNERS<\/span><\/strong><\/a><\/span><\/p>\n<p style=\"text-align: center;\"><span style=\"color: #ff0000;\"><strong><a class=\"docs-creator\" style=\"color: #ff0000;\" href=\"http:\/\/www.istanbulanguage.com\/?page_id=46&amp;lang=en_US\">CLICK HERE FOR <span style=\"color: #008000;\">SPANISH LESSONS<\/span><\/a><\/strong><\/span><\/p>\n","protected":false},"excerpt":{"rendered":"<div class=\"entry-summary\">\n<span style=\"color: #000000;\">It is hard to find enough time to learn a language among many things to do. Also, it is possible to travel a lot for a quality education. Therefore now it&#8217;s time to take advantage of living in the<span style=\"color: #333...\n<\/div>\n<div class=\"link-more\"><a href=\"https:\/\/www.istanbulanguage.com\/?page_id=621&#038;lang=en_US\" class=\"more-link\">Continue reading<span class=\"screen-reader-text\"> &ldquo;ONLINE TURKISH LESSONS&rdquo;<\/span>&hellip;<\/a><\/div>\n","protected":false},"author":1,"featured_media":1104,"parent":0,"menu_order":0,"comment_status":"closed","ping_status":"closed","template":"","meta":{"footnotes":""},"class_list":["post-621","page","type-page","status-publish","has-post-thumbnail","hentry","entry"],"_links":{"self":[{"href":"https:\/\/www.istanbulanguage.com?lang=en_US%2Findex.php&rest_route=\/wp\/v2\/pages\/621","targetHints":{"allow":["GET"]}}],"collection":[{"href":"https:\/\/www.istanbulanguage.com?lang=en_US%2Findex.php&rest_route=\/wp\/v2\/pages"}],"about":[{"href":"https:\/\/www.istanbulanguage.com?lang=en_US%2Findex.php&rest_route=\/wp\/v2\/types\/page"}],"author":[{"embeddable":true,"href":"https:\/\/www.istanbulanguage.com?lang=en_US%2Findex.php&rest_route=\/wp\/v2\/users\/1"}],"replies":[{"embeddable":true,"href":"https:\/\/www.istanbulanguage.com?lang=en_US%2Findex.php&rest_route=%2Fwp%2Fv2%2Fcomments&post=621"}],"version-history":[{"count":160,"href":"https:\/\/www.istanbulanguage.com?lang=en_US%2Findex.php&rest_route=\/wp\/v2\/pages\/621\/revisions"}],"predecessor-version":[{"id":1347,"href":"https:\/\/www.istanbulanguage.com?lang=en_US%2Findex.php&rest_route=\/wp\/v2\/pages\/621\/revisions\/1347"}],"wp:featuredmedia":[{"embeddable":true,"href":"https:\/\/www.istanbulanguage.com?lang=en_US%2Findex.php&rest_route=\/wp\/v2\/media\/1104"}],"wp:attachment":[{"href":"https:\/\/www.istanbulanguage.com?lang=en_US%2Findex.php&rest_route=%2Fwp%2Fv2%2Fmedia&parent=621"}],"curies":[{"name":"wp","href":"https:\/\/api.w.org\/{rel}","templated":true}]}}